{"id":16,"date":"2023-04-11T22:44:13","date_gmt":"2023-04-11T20:44:13","guid":{"rendered":"https:\/\/loehden.de\/?page_id=16"},"modified":"2024-11-12T18:51:54","modified_gmt":"2024-11-12T17:51:54","slug":"ueber-uns","status":"publish","type":"page","link":"https:\/\/loehden.de\/index.php\/ueber-uns\/","title":{"rendered":"\u00dcber uns"},"content":{"rendered":"<section  class='av_textblock_section av-av_textblock-9ee6daaf882f31bf75966532cda9493c '   itemscope=\"itemscope\" itemtype=\"https:\/\/schema.org\/CreativeWork\" ><div class='avia_textblock'  itemprop=\"text\" ><p>Seit 1998 bietet der Meister-Dachdeckerbetrieb Jens L\u00f6hden umfangreiche handwerkliche Leistungen und zus\u00e4tzlichen Service rund ums Dach f\u00fcr Zufriedene Kunden sind uns wichtig. Deshalb beginnen Projekte bei uns immer mit einer sachlich, fachlichen Beratung, bei der wir stets Kundenw\u00fcnsche und Anforderungen im Blick behalten. Unser eingespieltes Handwerker-Team arbeitet sehr zuverl\u00e4ssig und fachlich kompetent. Regelm\u00e4\u00dfige Schulungen und Weiterbildungen sorgen daf\u00fcr, dass wir stets \u00fcber aktuelle Vorschriften sowie handwerkliche und technische Neuerungen informiert sind. Seit 2010 ist Jens L\u00f6hden personenzertifizierter Sachverst\u00e4ndiger im Dachdeckerhandwerk. Team<\/p>\n<\/div><\/section>\n","protected":false},"excerpt":{"rendered":"","protected":false},"author":1,"featured_media":0,"parent":0,"menu_order":0,"comment_status":"closed","ping_status":"closed","template":"","meta":{"footnotes":""},"class_list":["post-16","page","type-page","status-publish","hentry"],"yoast_head":"<!-- This site is optimized with the Yoast SEO plugin v27.3 - https:\/\/yoast.com\/product\/yoast-seo-wordpress\/ -->\n<title>\u00dcber uns - Dachdeckermeister Jens L\u00f6hden<\/title>\n<meta name=\"robots\" content=\"index, follow, max-snippet:-1, max-image-preview:large, max-video-preview:-1\" \/>\n<link rel=\"canonical\" href=\"https:\/\/loehden.de\/index.php\/ueber-uns\/\" \/>\n<meta property=\"og:locale\" content=\"de_DE\" \/>\n<meta property=\"og:type\" content=\"article\" \/>\n<meta property=\"og:title\" content=\"\u00dcber uns - Dachdeckermeister Jens L\u00f6hden\" \/>\n<meta property=\"og:url\" content=\"https:\/\/loehden.de\/index.php\/ueber-uns\/\" \/>\n<meta property=\"og:site_name\" content=\"Dachdeckermeister Jens L\u00f6hden\" \/>\n<meta property=\"article:modified_time\" content=\"2024-11-12T17:51:54+00:00\" \/>\n<meta name=\"twitter:card\" content=\"summary_large_image\" \/>\n<meta name=\"twitter:label1\" content=\"Gesch\u00e4tzte Lesezeit\" \/>\n\t<meta name=\"twitter:data1\" content=\"1\u00a0Minute\" \/>\n<script type=\"application\/ld+json\" class=\"yoast-schema-graph\">{\"@context\":\"https:\\\/\\\/schema.org\",\"@graph\":[{\"@type\":\"WebPage\",\"@id\":\"https:\\\/\\\/loehden.de\\\/index.php\\\/ueber-uns\\\/\",\"url\":\"https:\\\/\\\/loehden.de\\\/index.php\\\/ueber-uns\\\/\",\"name\":\"\u00dcber uns - Dachdeckermeister Jens L\u00f6hden\",\"isPartOf\":{\"@id\":\"https:\\\/\\\/loehden.de\\\/#website\"},\"datePublished\":\"2023-04-11T20:44:13+00:00\",\"dateModified\":\"2024-11-12T17:51:54+00:00\",\"breadcrumb\":{\"@id\":\"https:\\\/\\\/loehden.de\\\/index.php\\\/ueber-uns\\\/#breadcrumb\"},\"inLanguage\":\"de\",\"potentialAction\":[{\"@type\":\"ReadAction\",\"target\":[\"https:\\\/\\\/loehden.de\\\/index.php\\\/ueber-uns\\\/\"]}]},{\"@type\":\"BreadcrumbList\",\"@id\":\"https:\\\/\\\/loehden.de\\\/index.php\\\/ueber-uns\\\/#breadcrumb\",\"itemListElement\":[{\"@type\":\"ListItem\",\"position\":1,\"name\":\"Startseite\",\"item\":\"https:\\\/\\\/loehden.de\\\/\"},{\"@type\":\"ListItem\",\"position\":2,\"name\":\"\u00dcber uns\"}]},{\"@type\":\"WebSite\",\"@id\":\"https:\\\/\\\/loehden.de\\\/#website\",\"url\":\"https:\\\/\\\/loehden.de\\\/\",\"name\":\"Dachdeckermeister Jens L\u00f6hden\",\"description\":\"Dachdeckermeister aus Klethen\",\"publisher\":{\"@id\":\"https:\\\/\\\/loehden.de\\\/#organization\"},\"alternateName\":\"Dachdecker L\u00f6hden\",\"potentialAction\":[{\"@type\":\"SearchAction\",\"target\":{\"@type\":\"EntryPoint\",\"urlTemplate\":\"https:\\\/\\\/loehden.de\\\/?s={search_term_string}\"},\"query-input\":{\"@type\":\"PropertyValueSpecification\",\"valueRequired\":true,\"valueName\":\"search_term_string\"}}],\"inLanguage\":\"de\"},{\"@type\":\"Organization\",\"@id\":\"https:\\\/\\\/loehden.de\\\/#organization\",\"name\":\"Dachdeckermeister Jens L\u00f6hden\",\"url\":\"https:\\\/\\\/loehden.de\\\/\",\"logo\":{\"@type\":\"ImageObject\",\"inLanguage\":\"de\",\"@id\":\"https:\\\/\\\/loehden.de\\\/#\\\/schema\\\/logo\\\/image\\\/\",\"url\":\"https:\\\/\\\/loehden.de\\\/wp-content\\\/uploads\\\/2023\\\/01\\\/Logo-Jens-2022.png\",\"contentUrl\":\"https:\\\/\\\/loehden.de\\\/wp-content\\\/uploads\\\/2023\\\/01\\\/Logo-Jens-2022.png\",\"width\":847,\"height\":400,\"caption\":\"Dachdeckermeister Jens L\u00f6hden\"},\"image\":{\"@id\":\"https:\\\/\\\/loehden.de\\\/#\\\/schema\\\/logo\\\/image\\\/\"},\"sameAs\":[\"https:\\\/\\\/www.instagram.com\\\/dachdeckermeister_loehden\"]}]}<\/script>\n<!-- \/ Yoast SEO plugin. -->","yoast_head_json":{"title":"\u00dcber uns - Dachdeckermeister Jens L\u00f6hden","robots":{"index":"index","follow":"follow","max-snippet":"max-snippet:-1","max-image-preview":"max-image-preview:large","max-video-preview":"max-video-preview:-1"},"canonical":"https:\/\/loehden.de\/index.php\/ueber-uns\/","og_locale":"de_DE","og_type":"article","og_title":"\u00dcber uns - Dachdeckermeister Jens L\u00f6hden","og_url":"https:\/\/loehden.de\/index.php\/ueber-uns\/","og_site_name":"Dachdeckermeister Jens L\u00f6hden","article_modified_time":"2024-11-12T17:51:54+00:00","twitter_card":"summary_large_image","twitter_misc":{"Gesch\u00e4tzte Lesezeit":"1\u00a0Minute"},"schema":{"@context":"https:\/\/schema.org","@graph":[{"@type":"WebPage","@id":"https:\/\/loehden.de\/index.php\/ueber-uns\/","url":"https:\/\/loehden.de\/index.php\/ueber-uns\/","name":"\u00dcber uns - Dachdeckermeister Jens L\u00f6hden","isPartOf":{"@id":"https:\/\/loehden.de\/#website"},"datePublished":"2023-04-11T20:44:13+00:00","dateModified":"2024-11-12T17:51:54+00:00","breadcrumb":{"@id":"https:\/\/loehden.de\/index.php\/ueber-uns\/#breadcrumb"},"inLanguage":"de","potentialAction":[{"@type":"ReadAction","target":["https:\/\/loehden.de\/index.php\/ueber-uns\/"]}]},{"@type":"BreadcrumbList","@id":"https:\/\/loehden.de\/index.php\/ueber-uns\/#breadcrumb","itemListElement":[{"@type":"ListItem","position":1,"name":"Startseite","item":"https:\/\/loehden.de\/"},{"@type":"ListItem","position":2,"name":"\u00dcber uns"}]},{"@type":"WebSite","@id":"https:\/\/loehden.de\/#website","url":"https:\/\/loehden.de\/","name":"Dachdeckermeister Jens L\u00f6hden","description":"Dachdeckermeister aus Klethen","publisher":{"@id":"https:\/\/loehden.de\/#organization"},"alternateName":"Dachdecker L\u00f6hden","potentialAction":[{"@type":"SearchAction","target":{"@type":"EntryPoint","urlTemplate":"https:\/\/loehden.de\/?s={search_term_string}"},"query-input":{"@type":"PropertyValueSpecification","valueRequired":true,"valueName":"search_term_string"}}],"inLanguage":"de"},{"@type":"Organization","@id":"https:\/\/loehden.de\/#organization","name":"Dachdeckermeister Jens L\u00f6hden","url":"https:\/\/loehden.de\/","logo":{"@type":"ImageObject","inLanguage":"de","@id":"https:\/\/loehden.de\/#\/schema\/logo\/image\/","url":"https:\/\/loehden.de\/wp-content\/uploads\/2023\/01\/Logo-Jens-2022.png","contentUrl":"https:\/\/loehden.de\/wp-content\/uploads\/2023\/01\/Logo-Jens-2022.png","width":847,"height":400,"caption":"Dachdeckermeister Jens L\u00f6hden"},"image":{"@id":"https:\/\/loehden.de\/#\/schema\/logo\/image\/"},"sameAs":["https:\/\/www.instagram.com\/dachdeckermeister_loehden"]}]}},"_links":{"self":[{"href":"https:\/\/loehden.de\/index.php\/wp-json\/wp\/v2\/pages\/16","targetHints":{"allow":["GET"]}}],"collection":[{"href":"https:\/\/loehden.de\/index.php\/wp-json\/wp\/v2\/pages"}],"about":[{"href":"https:\/\/loehden.de\/index.php\/wp-json\/wp\/v2\/types\/page"}],"author":[{"embeddable":true,"href":"https:\/\/loehden.de\/index.php\/wp-json\/wp\/v2\/users\/1"}],"replies":[{"embeddable":true,"href":"https:\/\/loehden.de\/index.php\/wp-json\/wp\/v2\/comments?post=16"}],"version-history":[{"count":4,"href":"https:\/\/loehden.de\/index.php\/wp-json\/wp\/v2\/pages\/16\/revisions"}],"predecessor-version":[{"id":2803,"href":"https:\/\/loehden.de\/index.php\/wp-json\/wp\/v2\/pages\/16\/revisions\/2803"}],"wp:attachment":[{"href":"https:\/\/loehden.de\/index.php\/wp-json\/wp\/v2\/media?parent=16"}],"curies":[{"name":"wp","href":"https:\/\/api.w.org\/{rel}","templated":true}]}}