{"id":2498,"date":"2024-11-10T17:18:00","date_gmt":"2024-11-10T16:18:00","guid":{"rendered":"https:\/\/loehden.de\/?page_id=2498"},"modified":"2024-11-12T09:25:07","modified_gmt":"2024-11-12T08:25:07","slug":"dachreinigung-2-2","status":"publish","type":"page","link":"https:\/\/loehden.de\/index.php\/dachreinigung-2-2\/","title":{"rendered":"Dachdeckerarbeiten"},"content":{"rendered":"<div  class='flex_column av-m1ytwvnp-b088d4206b6f78f073257ab057013075 av_one_full  avia-builder-el-0  el_before_av_one_half  avia-builder-el-first  first flex_column_div  '     ><style type=\"text\/css\" data-created_by=\"avia_inline_auto\" id=\"style-css-av-m1ys7jyn-d6b3fbf2f32791293d3021ab8ebff0d9\">\n#top .av-special-heading.av-m1ys7jyn-d6b3fbf2f32791293d3021ab8ebff0d9{\nmargin:50px 0 0 0;\n}\nbody .av-special-heading.av-m1ys7jyn-d6b3fbf2f32791293d3021ab8ebff0d9 .av-special-heading-tag .heading-char{\nfont-size:25px;\n}\n#top #wrap_all .av-special-heading.av-m1ys7jyn-d6b3fbf2f32791293d3021ab8ebff0d9 .av-special-heading-tag{\npadding:0 0 0 0;\n}\n.av-special-heading.av-m1ys7jyn-d6b3fbf2f32791293d3021ab8ebff0d9 .av-subheading{\nfont-size:15px;\n}\n<\/style>\n<div  class='av-special-heading av-m1ys7jyn-d6b3fbf2f32791293d3021ab8ebff0d9 av-special-heading-h1 blockquote modern-quote modern-centered  avia-builder-el-1  avia-builder-el-no-sibling '><h1 class='av-special-heading-tag '  itemprop=\"headline\"  >Dachdeckerarbeiten<\/h1><div class='av-subheading av-subheading_below'><p>Zimmerei, Klempner- und Reparaturarbeiten<\/p>\n<\/div><div class=\"special-heading-border\"><div class=\"special-heading-inner-border\"><\/div><\/div><\/div><\/div>\n<div class='flex_column_table av-m1yw2z9k-ea6500a98c3f59741c678882237a4810 sc-av_one_half av-equal-height-column-flextable'><div  class='flex_column av-m1yw2z9k-ea6500a98c3f59741c678882237a4810 av_one_half  avia-builder-el-2  el_after_av_one_full  el_before_av_one_half  first flex_column_table_cell av-equal-height-column av-align-middle  column-top-margin'     ><div id='av-masonry-1' class='av-masonry av-1vsgv6-1e76ac1f976a308548e262f0bdfbc8a6 noHover av-flex-size av-large-gap av-hover-overlay-active av-masonry-animation-active av-masonry-col-flexible av-caption-always av-caption-style- av-masonry-gallery ' data-post_id=\"2498\"><div class=\"av-masonry-container isotope av-js-disabled\"><div class='av-masonry-entry isotope-item av-masonry-item-no-image '><\/div><a href=\"https:\/\/loehden.de\/wp-content\/uploads\/2024\/11\/DSC_2042_web-1030x686.jpg\" data-srcset=\"https:\/\/loehden.de\/wp-content\/uploads\/2024\/11\/DSC_2042_web-1030x686.jpg 1030w, https:\/\/loehden.de\/wp-content\/uploads\/2024\/11\/DSC_2042_web-300x200.jpg 300w, https:\/\/loehden.de\/wp-content\/uploads\/2024\/11\/DSC_2042_web-768x512.jpg 768w, https:\/\/loehden.de\/wp-content\/uploads\/2024\/11\/DSC_2042_web-1536x1024.jpg 1536w, https:\/\/loehden.de\/wp-content\/uploads\/2024\/11\/DSC_2042_web-1500x1000.jpg 1500w, https:\/\/loehden.de\/wp-content\/uploads\/2024\/11\/DSC_2042_web-705x470.jpg 705w, https:\/\/loehden.de\/wp-content\/uploads\/2024\/11\/DSC_2042_web.jpg 2000w\" data-sizes=\"(max-width: 1030px) 100vw, 1030px\"  aria-label=\"Bild Reparatur von Verkleidungen\"  id='av-masonry-1-item-2540' data-av-masonry-item='2540' class='av-masonry-entry isotope-item post-2540 attachment type-attachment status-inherit hentry  av-masonry-item-with-image' title=\"Reparatur von Verkleidungen\" alt=\"\"    itemprop=\"thumbnailUrl\" ><div class='av-inner-masonry-sizer'><\/div><figure class='av-inner-masonry main_color'><div class=\"av-masonry-outerimage-container\"><div class='av-masonry-image-container'  ><img fetchpriority=\"high\" fetchpriority=\"high\" decoding=\"async\" width=\"705\" height=\"470\" fetchpriority=\"high\" class=\"wp-image-2540 avia-img-lazy-loading-not-2540\"  src=\"https:\/\/loehden.de\/wp-content\/uploads\/2024\/11\/DSC_2042_web-705x470.jpg\" title=\"Reparatur von Verkleidungen\" alt=\"\" srcset=\"https:\/\/loehden.de\/wp-content\/uploads\/2024\/11\/DSC_2042_web-705x470.jpg 705w, https:\/\/loehden.de\/wp-content\/uploads\/2024\/11\/DSC_2042_web-300x200.jpg 300w, https:\/\/loehden.de\/wp-content\/uploads\/2024\/11\/DSC_2042_web-1030x686.jpg 1030w, https:\/\/loehden.de\/wp-content\/uploads\/2024\/11\/DSC_2042_web-768x512.jpg 768w, https:\/\/loehden.de\/wp-content\/uploads\/2024\/11\/DSC_2042_web-1536x1024.jpg 1536w, https:\/\/loehden.de\/wp-content\/uploads\/2024\/11\/DSC_2042_web-1500x1000.jpg 1500w, https:\/\/loehden.de\/wp-content\/uploads\/2024\/11\/DSC_2042_web.jpg 2000w\" sizes=\"(max-width: 705px) 100vw, 705px\" \/><\/div><\/div><\/figure><\/a><!--end av-masonry entry--><a href=\"https:\/\/loehden.de\/wp-content\/uploads\/2024\/11\/DSC_2086_web-1030x686.jpg\" data-srcset=\"https:\/\/loehden.de\/wp-content\/uploads\/2024\/11\/DSC_2086_web-1030x686.jpg 1030w, https:\/\/loehden.de\/wp-content\/uploads\/2024\/11\/DSC_2086_web-300x200.jpg 300w, https:\/\/loehden.de\/wp-content\/uploads\/2024\/11\/DSC_2086_web-768x512.jpg 768w, https:\/\/loehden.de\/wp-content\/uploads\/2024\/11\/DSC_2086_web-1536x1024.jpg 1536w, https:\/\/loehden.de\/wp-content\/uploads\/2024\/11\/DSC_2086_web-1500x1000.jpg 1500w, https:\/\/loehden.de\/wp-content\/uploads\/2024\/11\/DSC_2086_web-705x470.jpg 705w, https:\/\/loehden.de\/wp-content\/uploads\/2024\/11\/DSC_2086_web.jpg 2000w\" data-sizes=\"(max-width: 1030px) 100vw, 1030px\"  aria-label=\"Bild Arbeiten\"  id='av-masonry-1-item-2542' data-av-masonry-item='2542' class='av-masonry-entry isotope-item post-2542 attachment type-attachment status-inherit hentry  av-masonry-item-with-image' title=\"Arbeiten\" alt=\"\"    itemprop=\"thumbnailUrl\" ><div class='av-inner-masonry-sizer'><\/div><figure class='av-inner-masonry main_color'><div class=\"av-masonry-outerimage-container\"><div class='av-masonry-image-container'  ><img fetchpriority=\"high\" fetchpriority=\"high\" decoding=\"async\" width=\"705\" height=\"470\" fetchpriority=\"high\" class=\"wp-image-2542 avia-img-lazy-loading-not-2542\"  src=\"https:\/\/loehden.de\/wp-content\/uploads\/2024\/11\/DSC_2086_web-705x470.jpg\" title=\"Arbeiten\" alt=\"\" srcset=\"https:\/\/loehden.de\/wp-content\/uploads\/2024\/11\/DSC_2086_web-705x470.jpg 705w, https:\/\/loehden.de\/wp-content\/uploads\/2024\/11\/DSC_2086_web-300x200.jpg 300w, https:\/\/loehden.de\/wp-content\/uploads\/2024\/11\/DSC_2086_web-1030x686.jpg 1030w, https:\/\/loehden.de\/wp-content\/uploads\/2024\/11\/DSC_2086_web-768x512.jpg 768w, https:\/\/loehden.de\/wp-content\/uploads\/2024\/11\/DSC_2086_web-1536x1024.jpg 1536w, https:\/\/loehden.de\/wp-content\/uploads\/2024\/11\/DSC_2086_web-1500x1000.jpg 1500w, https:\/\/loehden.de\/wp-content\/uploads\/2024\/11\/DSC_2086_web.jpg 2000w\" sizes=\"(max-width: 705px) 100vw, 705px\" \/><\/div><\/div><\/figure><\/a><!--end av-masonry entry--><a href=\"https:\/\/loehden.de\/wp-content\/uploads\/2024\/11\/DSC_2091_web-1030x686.jpg\" data-srcset=\"https:\/\/loehden.de\/wp-content\/uploads\/2024\/11\/DSC_2091_web-1030x686.jpg 1030w, https:\/\/loehden.de\/wp-content\/uploads\/2024\/11\/DSC_2091_web-300x200.jpg 300w, https:\/\/loehden.de\/wp-content\/uploads\/2024\/11\/DSC_2091_web-768x512.jpg 768w, https:\/\/loehden.de\/wp-content\/uploads\/2024\/11\/DSC_2091_web-1536x1024.jpg 1536w, https:\/\/loehden.de\/wp-content\/uploads\/2024\/11\/DSC_2091_web-1500x1000.jpg 1500w, https:\/\/loehden.de\/wp-content\/uploads\/2024\/11\/DSC_2091_web-705x470.jpg 705w, https:\/\/loehden.de\/wp-content\/uploads\/2024\/11\/DSC_2091_web.jpg 2000w\" data-sizes=\"(max-width: 1030px) 100vw, 1030px\"  aria-label=\"Bild DSC_2091_web\"  id='av-masonry-1-item-2543' data-av-masonry-item='2543' class='av-masonry-entry isotope-item post-2543 attachment type-attachment status-inherit hentry  av-masonry-item-with-image' title=\"DSC_2091_web\" alt=\"\"    itemprop=\"thumbnailUrl\" ><div class='av-inner-masonry-sizer'><\/div><figure class='av-inner-masonry main_color'><div class=\"av-masonry-outerimage-container\"><div class='av-masonry-image-container'  ><img fetchpriority=\"high\" fetchpriority=\"high\" decoding=\"async\" width=\"705\" height=\"470\" fetchpriority=\"high\" class=\"wp-image-2543 avia-img-lazy-loading-not-2543\"  src=\"https:\/\/loehden.de\/wp-content\/uploads\/2024\/11\/DSC_2091_web-705x470.jpg\" title=\"DSC_2091_web\" alt=\"\" srcset=\"https:\/\/loehden.de\/wp-content\/uploads\/2024\/11\/DSC_2091_web-705x470.jpg 705w, https:\/\/loehden.de\/wp-content\/uploads\/2024\/11\/DSC_2091_web-300x200.jpg 300w, https:\/\/loehden.de\/wp-content\/uploads\/2024\/11\/DSC_2091_web-1030x686.jpg 1030w, https:\/\/loehden.de\/wp-content\/uploads\/2024\/11\/DSC_2091_web-768x512.jpg 768w, https:\/\/loehden.de\/wp-content\/uploads\/2024\/11\/DSC_2091_web-1536x1024.jpg 1536w, https:\/\/loehden.de\/wp-content\/uploads\/2024\/11\/DSC_2091_web-1500x1000.jpg 1500w, https:\/\/loehden.de\/wp-content\/uploads\/2024\/11\/DSC_2091_web.jpg 2000w\" sizes=\"(max-width: 705px) 100vw, 705px\" \/><\/div><\/div><\/figure><\/a><!--end av-masonry entry--><a href=\"https:\/\/loehden.de\/wp-content\/uploads\/2024\/11\/DSC_2397_web-1030x687.jpg\" data-srcset=\"https:\/\/loehden.de\/wp-content\/uploads\/2024\/11\/DSC_2397_web-1030x687.jpg 1030w, https:\/\/loehden.de\/wp-content\/uploads\/2024\/11\/DSC_2397_web-300x200.jpg 300w, https:\/\/loehden.de\/wp-content\/uploads\/2024\/11\/DSC_2397_web-768x512.jpg 768w, https:\/\/loehden.de\/wp-content\/uploads\/2024\/11\/DSC_2397_web-1536x1025.jpg 1536w, https:\/\/loehden.de\/wp-content\/uploads\/2024\/11\/DSC_2397_web-1500x1001.jpg 1500w, https:\/\/loehden.de\/wp-content\/uploads\/2024\/11\/DSC_2397_web-705x470.jpg 705w, https:\/\/loehden.de\/wp-content\/uploads\/2024\/11\/DSC_2397_web.jpg 2000w\" data-sizes=\"(max-width: 1030px) 100vw, 1030px\"  aria-label=\"Bild DSC_2397_web\"  id='av-masonry-1-item-2546' data-av-masonry-item='2546' class='av-masonry-entry isotope-item post-2546 attachment type-attachment status-inherit hentry  av-masonry-item-with-image' title=\"DSC_2397_web\" alt=\"\"    itemprop=\"thumbnailUrl\" ><div class='av-inner-masonry-sizer'><\/div><figure class='av-inner-masonry main_color'><div class=\"av-masonry-outerimage-container\"><div class='av-masonry-image-container'  ><img fetchpriority=\"high\" fetchpriority=\"high\" decoding=\"async\" width=\"705\" height=\"470\" fetchpriority=\"high\" class=\"wp-image-2546 avia-img-lazy-loading-not-2546\"  src=\"https:\/\/loehden.de\/wp-content\/uploads\/2024\/11\/DSC_2397_web-705x470.jpg\" title=\"DSC_2397_web\" alt=\"\" srcset=\"https:\/\/loehden.de\/wp-content\/uploads\/2024\/11\/DSC_2397_web-705x470.jpg 705w, https:\/\/loehden.de\/wp-content\/uploads\/2024\/11\/DSC_2397_web-300x200.jpg 300w, https:\/\/loehden.de\/wp-content\/uploads\/2024\/11\/DSC_2397_web-1030x687.jpg 1030w, https:\/\/loehden.de\/wp-content\/uploads\/2024\/11\/DSC_2397_web-768x512.jpg 768w, https:\/\/loehden.de\/wp-content\/uploads\/2024\/11\/DSC_2397_web-1536x1025.jpg 1536w, https:\/\/loehden.de\/wp-content\/uploads\/2024\/11\/DSC_2397_web-1500x1001.jpg 1500w, https:\/\/loehden.de\/wp-content\/uploads\/2024\/11\/DSC_2397_web.jpg 2000w\" sizes=\"(max-width: 705px) 100vw, 705px\" \/><\/div><\/div><\/figure><\/a><!--end av-masonry entry--><a href=\"https:\/\/loehden.de\/wp-content\/uploads\/2024\/10\/Dachreinigung-1-687x1030.jpg\" data-srcset=\"https:\/\/loehden.de\/wp-content\/uploads\/2024\/10\/Dachreinigung-1-687x1030.jpg 687w, https:\/\/loehden.de\/wp-content\/uploads\/2024\/10\/Dachreinigung-1-200x300.jpg 200w, https:\/\/loehden.de\/wp-content\/uploads\/2024\/10\/Dachreinigung-1-768x1152.jpg 768w, https:\/\/loehden.de\/wp-content\/uploads\/2024\/10\/Dachreinigung-1-1024x1536.jpg 1024w, https:\/\/loehden.de\/wp-content\/uploads\/2024\/10\/Dachreinigung-1-1000x1500.jpg 1000w, https:\/\/loehden.de\/wp-content\/uploads\/2024\/10\/Dachreinigung-1-470x705.jpg 470w, https:\/\/loehden.de\/wp-content\/uploads\/2024\/10\/Dachreinigung-1.jpg 1200w\" data-sizes=\"(max-width: 687px) 100vw, 687px\"  aria-label=\"Bild Dachreinigung\"  id='av-masonry-1-item-2120' data-av-masonry-item='2120' class='av-masonry-entry isotope-item post-2120 attachment type-attachment status-inherit hentry  av-masonry-item-with-image' title=\"Dachreinigung\" alt=\"\"    itemprop=\"thumbnailUrl\" ><div class='av-inner-masonry-sizer'><\/div><figure class='av-inner-masonry main_color'><div class=\"av-masonry-outerimage-container\"><div class='av-masonry-image-container'  ><img fetchpriority=\"high\" fetchpriority=\"high\" decoding=\"async\" width=\"470\" height=\"705\" fetchpriority=\"high\" class=\"wp-image-2120 avia-img-lazy-loading-not-2120\"  src=\"https:\/\/loehden.de\/wp-content\/uploads\/2024\/10\/Dachreinigung-1-470x705.jpg\" title=\"Dachreinigung\" alt=\"\" srcset=\"https:\/\/loehden.de\/wp-content\/uploads\/2024\/10\/Dachreinigung-1-470x705.jpg 470w, https:\/\/loehden.de\/wp-content\/uploads\/2024\/10\/Dachreinigung-1-200x300.jpg 200w, https:\/\/loehden.de\/wp-content\/uploads\/2024\/10\/Dachreinigung-1-687x1030.jpg 687w, https:\/\/loehden.de\/wp-content\/uploads\/2024\/10\/Dachreinigung-1-768x1152.jpg 768w, https:\/\/loehden.de\/wp-content\/uploads\/2024\/10\/Dachreinigung-1-1024x1536.jpg 1024w, https:\/\/loehden.de\/wp-content\/uploads\/2024\/10\/Dachreinigung-1-1000x1500.jpg 1000w, https:\/\/loehden.de\/wp-content\/uploads\/2024\/10\/Dachreinigung-1.jpg 1200w\" sizes=\"(max-width: 470px) 100vw, 470px\" \/><\/div><\/div><\/figure><\/a><!--end av-masonry entry--><a href=\"https:\/\/loehden.de\/wp-content\/uploads\/2024\/10\/5-2-1030x773.jpg\" data-srcset=\"https:\/\/loehden.de\/wp-content\/uploads\/2024\/10\/5-2-1030x773.jpg 1030w, https:\/\/loehden.de\/wp-content\/uploads\/2024\/10\/5-2-300x225.jpg 300w, https:\/\/loehden.de\/wp-content\/uploads\/2024\/10\/5-2-768x576.jpg 768w, https:\/\/loehden.de\/wp-content\/uploads\/2024\/10\/5-2-705x529.jpg 705w, https:\/\/loehden.de\/wp-content\/uploads\/2024\/10\/5-2.jpg 1409w\" data-sizes=\"(max-width: 1030px) 100vw, 1030px\"  aria-label=\"Bild Auftragen unseres biologisch abbaubaren Reinigers\"  id='av-masonry-1-item-2112' data-av-masonry-item='2112' class='av-masonry-entry isotope-item post-2112 attachment type-attachment status-inherit hentry  av-masonry-item-with-image' title=\"Auftragen unseres biologisch abbaubaren Reinigers\" alt=\"Auftragen unseres biologisch abbaubaren Reinigers\"    itemprop=\"thumbnailUrl\" ><div class='av-inner-masonry-sizer'><\/div><figure class='av-inner-masonry main_color'><div class=\"av-masonry-outerimage-container\"><div class='av-masonry-image-container'  ><img fetchpriority=\"high\" fetchpriority=\"high\" decoding=\"async\" width=\"705\" height=\"529\" fetchpriority=\"high\" class=\"wp-image-2112 avia-img-lazy-loading-not-2112\"  src=\"https:\/\/loehden.de\/wp-content\/uploads\/2024\/10\/5-2-705x529.jpg\" title=\"Auftragen unseres biologisch abbaubaren Reinigers\" alt=\"Auftragen unseres biologisch abbaubaren Reinigers\" srcset=\"https:\/\/loehden.de\/wp-content\/uploads\/2024\/10\/5-2-705x529.jpg 705w, https:\/\/loehden.de\/wp-content\/uploads\/2024\/10\/5-2-300x225.jpg 300w, https:\/\/loehden.de\/wp-content\/uploads\/2024\/10\/5-2-1030x773.jpg 1030w, https:\/\/loehden.de\/wp-content\/uploads\/2024\/10\/5-2-768x576.jpg 768w, https:\/\/loehden.de\/wp-content\/uploads\/2024\/10\/5-2.jpg 1409w\" sizes=\"(max-width: 705px) 100vw, 705px\" \/><\/div><\/div><\/figure><\/a><!--end av-masonry entry--><\/div><\/div><\/div>\n<div class='av-flex-placeholder'><\/div><div  class='flex_column av-cby-5f0fa687833f976728d7284fce7dd7a6 av_one_half  avia-builder-el-4  el_after_av_one_half  avia-builder-el-last  flex_column_table_cell av-equal-height-column av-align-middle  column-top-margin'     ><section  class='av_textblock_section av-m1ys7o0u-c0f8ca7434e7125c1b5c08819052ccbb '   itemscope=\"itemscope\" itemtype=\"https:\/\/schema.org\/CreativeWork\" ><div class='avia_textblock av_inherit_color'  itemprop=\"text\" ><p><strong>Schnelle Hilfe vom Dachprofi!<\/strong><\/p>\n<p>Unser erfahrenes Team ist darauf spezialisiert, Reparaturen aller Art sowie kleinere Auftr\u00e4ge rund um Ihr Dach effizient und professionell umzusetzen. Ob kleinere Besch\u00e4digungen durch St\u00fcrme, undichte Stellen oder Verschlei\u00df \u2013 wir k\u00fcmmern uns zuverl\u00e4ssig darum, dass Ihr Dach wieder sicher und funktionst\u00fcchtig ist.<\/p>\n<p>Dank unseres firmeneigenen Krans sind wir flexibel und k\u00f6nnen auch schwer zug\u00e4ngliche Dachbereiche schnell und effizient erreichen. Dadurch minimieren wir den Aufwand f\u00fcr unsere Kunden und gew\u00e4hrleisten eine z\u00fcgige, kosteneffiziente Abwicklung Ihrer Reparatur- oder Wartungsauftr\u00e4ge.<\/p>\n<p><strong>Unsere Reparatur- und Kleinauftragsleistungen umfassen:<\/strong><\/p>\n<ul>\n<li><strong>Velux-Lichtl\u00f6sungen<\/strong> beraten und Einbauen<\/li>\n<li><strong>Sanierung<\/strong> von Flachd\u00e4chern, Carports und Garagen<\/li>\n<li><strong>Dachgauben<\/strong> sanieren und Ausf\u00fchrung von Kleinstreparaturen<\/li>\n<li><strong>Fassaden- und Giebelverkleidungen<\/strong>\u00a0sanieren und erneuern<\/li>\n<li><strong>Dachreparaturen<\/strong> nach Sturmsch\u00e4den<\/li>\n<li><strong>Zimmereiarbeiten<\/strong> an Gauben, Vord\u00e4chern und Dach\u00fcberst\u00e4nden<\/li>\n<li><strong>Austausch und Reparatur<\/strong> defekter Dachziegel und Dachpfannen<\/li>\n<li><strong>Behebung von Undichtigkeiten<\/strong> im Flachdachbereich<\/li>\n<li><strong>Reinigung und Wartung<\/strong> von Dachfenstern, Dachrinnen und Fallrohren<\/li>\n<li><strong>Kleine Wartungsarbeiten<\/strong> wie Moosentfernung sowie Inspektionen und Reinigung von PV-Anlagen<\/li>\n<\/ul>\n<p>Auch bei kurzfristigen Kleinauftr\u00e4gen sind wir Ihr zuverl\u00e4ssiger Partner. Wir reagieren flexibel und bieten Ihnen schnelle Termine, damit kleinere Probleme gar nicht erst zu gr\u00f6\u00dferen Sch\u00e4den werden.<\/p>\n<p><strong>Verlassen Sie sich auf unsere Fachkompetenz und Erfahrung, um Ihr Dach in bestem Zustand zu halten!<\/strong><\/p>\n<\/div><\/section><\/div><\/div><!--close column table wrapper. Autoclose: 1 -->\n","protected":false},"excerpt":{"rendered":"","protected":false},"author":1,"featured_media":0,"parent":0,"menu_order":0,"comment_status":"closed","ping_status":"closed","template":"","meta":{"footnotes":""},"class_list":["post-2498","page","type-page","status-publish","hentry"],"yoast_head":"<!-- This site is optimized with the Yoast SEO plugin v27.3 - https:\/\/yoast.com\/product\/yoast-seo-wordpress\/ -->\n<title>Dachdeckerarbeiten - Dachdeckermeister Jens L\u00f6hden<\/title>\n<meta name=\"robots\" content=\"index, follow, max-snippet:-1, max-image-preview:large, max-video-preview:-1\" \/>\n<link rel=\"canonical\" href=\"https:\/\/loehden.de\/index.php\/dachreinigung-2-2\/\" \/>\n<meta property=\"og:locale\" content=\"de_DE\" \/>\n<meta property=\"og:type\" content=\"article\" \/>\n<meta property=\"og:title\" content=\"Dachdeckerarbeiten - Dachdeckermeister Jens L\u00f6hden\" \/>\n<meta property=\"og:url\" content=\"https:\/\/loehden.de\/index.php\/dachreinigung-2-2\/\" \/>\n<meta property=\"og:site_name\" content=\"Dachdeckermeister Jens L\u00f6hden\" \/>\n<meta property=\"article:modified_time\" content=\"2024-11-12T08:25:07+00:00\" \/>\n<meta name=\"twitter:card\" content=\"summary_large_image\" \/>\n<meta name=\"twitter:label1\" content=\"Gesch\u00e4tzte Lesezeit\" \/>\n\t<meta name=\"twitter:data1\" content=\"10\u00a0Minuten\" \/>\n<script type=\"application\/ld+json\" class=\"yoast-schema-graph\">{\"@context\":\"https:\\\/\\\/schema.org\",\"@graph\":[{\"@type\":\"WebPage\",\"@id\":\"https:\\\/\\\/loehden.de\\\/index.php\\\/dachreinigung-2-2\\\/\",\"url\":\"https:\\\/\\\/loehden.de\\\/index.php\\\/dachreinigung-2-2\\\/\",\"name\":\"Dachdeckerarbeiten - Dachdeckermeister Jens L\u00f6hden\",\"isPartOf\":{\"@id\":\"https:\\\/\\\/loehden.de\\\/#website\"},\"datePublished\":\"2024-11-10T16:18:00+00:00\",\"dateModified\":\"2024-11-12T08:25:07+00:00\",\"breadcrumb\":{\"@id\":\"https:\\\/\\\/loehden.de\\\/index.php\\\/dachreinigung-2-2\\\/#breadcrumb\"},\"inLanguage\":\"de\",\"potentialAction\":[{\"@type\":\"ReadAction\",\"target\":[\"https:\\\/\\\/loehden.de\\\/index.php\\\/dachreinigung-2-2\\\/\"]}]},{\"@type\":\"BreadcrumbList\",\"@id\":\"https:\\\/\\\/loehden.de\\\/index.php\\\/dachreinigung-2-2\\\/#breadcrumb\",\"itemListElement\":[{\"@type\":\"ListItem\",\"position\":1,\"name\":\"Startseite\",\"item\":\"https:\\\/\\\/loehden.de\\\/\"},{\"@type\":\"ListItem\",\"position\":2,\"name\":\"Dachdeckerarbeiten\"}]},{\"@type\":\"WebSite\",\"@id\":\"https:\\\/\\\/loehden.de\\\/#website\",\"url\":\"https:\\\/\\\/loehden.de\\\/\",\"name\":\"Dachdeckermeister Jens L\u00f6hden\",\"description\":\"Dachdeckermeister aus Klethen\",\"publisher\":{\"@id\":\"https:\\\/\\\/loehden.de\\\/#organization\"},\"alternateName\":\"Dachdecker L\u00f6hden\",\"potentialAction\":[{\"@type\":\"SearchAction\",\"target\":{\"@type\":\"EntryPoint\",\"urlTemplate\":\"https:\\\/\\\/loehden.de\\\/?s={search_term_string}\"},\"query-input\":{\"@type\":\"PropertyValueSpecification\",\"valueRequired\":true,\"valueName\":\"search_term_string\"}}],\"inLanguage\":\"de\"},{\"@type\":\"Organization\",\"@id\":\"https:\\\/\\\/loehden.de\\\/#organization\",\"name\":\"Dachdeckermeister Jens L\u00f6hden\",\"url\":\"https:\\\/\\\/loehden.de\\\/\",\"logo\":{\"@type\":\"ImageObject\",\"inLanguage\":\"de\",\"@id\":\"https:\\\/\\\/loehden.de\\\/#\\\/schema\\\/logo\\\/image\\\/\",\"url\":\"https:\\\/\\\/loehden.de\\\/wp-content\\\/uploads\\\/2023\\\/01\\\/Logo-Jens-2022.png\",\"contentUrl\":\"https:\\\/\\\/loehden.de\\\/wp-content\\\/uploads\\\/2023\\\/01\\\/Logo-Jens-2022.png\",\"width\":847,\"height\":400,\"caption\":\"Dachdeckermeister Jens L\u00f6hden\"},\"image\":{\"@id\":\"https:\\\/\\\/loehden.de\\\/#\\\/schema\\\/logo\\\/image\\\/\"},\"sameAs\":[\"https:\\\/\\\/www.instagram.com\\\/dachdeckermeister_loehden\"]}]}<\/script>\n<!-- \/ Yoast SEO plugin. -->","yoast_head_json":{"title":"Dachdeckerarbeiten - Dachdeckermeister Jens L\u00f6hden","robots":{"index":"index","follow":"follow","max-snippet":"max-snippet:-1","max-image-preview":"max-image-preview:large","max-video-preview":"max-video-preview:-1"},"canonical":"https:\/\/loehden.de\/index.php\/dachreinigung-2-2\/","og_locale":"de_DE","og_type":"article","og_title":"Dachdeckerarbeiten - Dachdeckermeister Jens L\u00f6hden","og_url":"https:\/\/loehden.de\/index.php\/dachreinigung-2-2\/","og_site_name":"Dachdeckermeister Jens L\u00f6hden","article_modified_time":"2024-11-12T08:25:07+00:00","twitter_card":"summary_large_image","twitter_misc":{"Gesch\u00e4tzte Lesezeit":"10\u00a0Minuten"},"schema":{"@context":"https:\/\/schema.org","@graph":[{"@type":"WebPage","@id":"https:\/\/loehden.de\/index.php\/dachreinigung-2-2\/","url":"https:\/\/loehden.de\/index.php\/dachreinigung-2-2\/","name":"Dachdeckerarbeiten - Dachdeckermeister Jens L\u00f6hden","isPartOf":{"@id":"https:\/\/loehden.de\/#website"},"datePublished":"2024-11-10T16:18:00+00:00","dateModified":"2024-11-12T08:25:07+00:00","breadcrumb":{"@id":"https:\/\/loehden.de\/index.php\/dachreinigung-2-2\/#breadcrumb"},"inLanguage":"de","potentialAction":[{"@type":"ReadAction","target":["https:\/\/loehden.de\/index.php\/dachreinigung-2-2\/"]}]},{"@type":"BreadcrumbList","@id":"https:\/\/loehden.de\/index.php\/dachreinigung-2-2\/#breadcrumb","itemListElement":[{"@type":"ListItem","position":1,"name":"Startseite","item":"https:\/\/loehden.de\/"},{"@type":"ListItem","position":2,"name":"Dachdeckerarbeiten"}]},{"@type":"WebSite","@id":"https:\/\/loehden.de\/#website","url":"https:\/\/loehden.de\/","name":"Dachdeckermeister Jens L\u00f6hden","description":"Dachdeckermeister aus Klethen","publisher":{"@id":"https:\/\/loehden.de\/#organization"},"alternateName":"Dachdecker L\u00f6hden","potentialAction":[{"@type":"SearchAction","target":{"@type":"EntryPoint","urlTemplate":"https:\/\/loehden.de\/?s={search_term_string}"},"query-input":{"@type":"PropertyValueSpecification","valueRequired":true,"valueName":"search_term_string"}}],"inLanguage":"de"},{"@type":"Organization","@id":"https:\/\/loehden.de\/#organization","name":"Dachdeckermeister Jens L\u00f6hden","url":"https:\/\/loehden.de\/","logo":{"@type":"ImageObject","inLanguage":"de","@id":"https:\/\/loehden.de\/#\/schema\/logo\/image\/","url":"https:\/\/loehden.de\/wp-content\/uploads\/2023\/01\/Logo-Jens-2022.png","contentUrl":"https:\/\/loehden.de\/wp-content\/uploads\/2023\/01\/Logo-Jens-2022.png","width":847,"height":400,"caption":"Dachdeckermeister Jens L\u00f6hden"},"image":{"@id":"https:\/\/loehden.de\/#\/schema\/logo\/image\/"},"sameAs":["https:\/\/www.instagram.com\/dachdeckermeister_loehden"]}]}},"_links":{"self":[{"href":"https:\/\/loehden.de\/index.php\/wp-json\/wp\/v2\/pages\/2498","targetHints":{"allow":["GET"]}}],"collection":[{"href":"https:\/\/loehden.de\/index.php\/wp-json\/wp\/v2\/pages"}],"about":[{"href":"https:\/\/loehden.de\/index.php\/wp-json\/wp\/v2\/types\/page"}],"author":[{"embeddable":true,"href":"https:\/\/loehden.de\/index.php\/wp-json\/wp\/v2\/users\/1"}],"replies":[{"embeddable":true,"href":"https:\/\/loehden.de\/index.php\/wp-json\/wp\/v2\/comments?post=2498"}],"version-history":[{"count":16,"href":"https:\/\/loehden.de\/index.php\/wp-json\/wp\/v2\/pages\/2498\/revisions"}],"predecessor-version":[{"id":2673,"href":"https:\/\/loehden.de\/index.php\/wp-json\/wp\/v2\/pages\/2498\/revisions\/2673"}],"wp:attachment":[{"href":"https:\/\/loehden.de\/index.php\/wp-json\/wp\/v2\/media?parent=2498"}],"curies":[{"name":"wp","href":"https:\/\/api.w.org\/{rel}","templated":true}]}}